{"id":804,"date":"2021-03-03T16:35:18","date_gmt":"2021-03-03T19:35:18","guid":{"rendered":"http:\/\/www.startprofissional.com.br\/portal\/?page_id=804"},"modified":"2022-02-15T12:00:44","modified_gmt":"2022-02-15T15:00:44","slug":"para-o-canditado","status":"publish","type":"page","link":"http:\/\/www.startprofissional.com.br\/portal\/para-o-canditado\/","title":{"rendered":"Para o canditado"},"content":{"rendered":"\t\t<div data-elementor-type=\"wp-post\" data-elementor-id=\"804\" class=\"elementor elementor-804\" data-elementor-settings=\"[]\">\n\t\t\t\t\t\t<div class=\"elementor-inner\">\n\t\t\t\t\t\t\t<div class=\"elementor-section-wrap\">\n\t\t\t\t\t\t\t<section class=\"elementor-section elementor-top-section elementor-element elementor-element-6116a66 elementor-section-boxed elementor-section-height-default elementor-section-height-default\" data-id=\"6116a66\" data-element_type=\"section\" data-settings=\"{&quot;background_background&quot;:&quot;classic&quot;}\">\n\t\t\t\t\t\t<div class=\"elementor-container elementor-column-gap-no\">\n\t\t\t\t\t\t\t<div class=\"elementor-row\">\n\t\t\t\t\t<div class=\"elementor-column elementor-col-100 elementor-top-column elementor-element elementor-element-aec2087\" data-id=\"aec2087\" data-element_type=\"column\">\n\t\t\t<div class=\"elementor-column-wrap\">\n\t\t\t\t\t\t\t<div class=\"elementor-widget-wrap\">\n\t\t\t\t\t\t\t\t<\/div>\n\t\t\t\t\t<\/div>\n\t\t<\/div>\n\t\t\t\t\t\t\t\t<\/div>\n\t\t\t\t\t<\/div>\n\t\t<\/section>\n\t\t\t\t<section class=\"elementor-section elementor-top-section elementor-element elementor-element-f48c928 elementor-section-boxed elementor-section-height-default elementor-section-height-default\" data-id=\"f48c928\" data-element_type=\"section\">\n\t\t\t\t\t\t<div class=\"elementor-container elementor-column-gap-default\">\n\t\t\t\t\t\t\t<div class=\"elementor-row\">\n\t\t\t\t\t<div class=\"elementor-column elementor-col-100 elementor-top-column elementor-element elementor-element-bc9493e\" data-id=\"bc9493e\" data-element_type=\"column\">\n\t\t\t<div class=\"elementor-column-wrap elementor-element-populated\">\n\t\t\t\t\t\t\t<div class=\"elementor-widget-wrap\">\n\t\t\t\t\t\t<div class=\"elementor-element elementor-element-0bcefc2 elementor-widget elementor-widget-spacer\" data-id=\"0bcefc2\" data-element_type=\"widget\" data-widget_type=\"spacer.default\">\n\t\t\t\t<div class=\"elementor-widget-container\">\n\t\t\t\t\t<div class=\"elementor-spacer\">\n\t\t\t<div class=\"elementor-spacer-inner\"><\/div>\n\t\t<\/div>\n\t\t\t\t<\/div>\n\t\t\t\t<\/div>\n\t\t\t\t<div class=\"elementor-element elementor-element-085b48b elementor-drop-cap-yes elementor-drop-cap-view-default elementor-widget elementor-widget-text-editor\" data-id=\"085b48b\" data-element_type=\"widget\" data-settings=\"{&quot;drop_cap&quot;:&quot;yes&quot;}\" data-widget_type=\"text-editor.default\">\n\t\t\t\t<div class=\"elementor-widget-container\">\n\t\t\t\t\t\t\t\t<div class=\"elementor-text-editor elementor-clearfix\">\n\t\t\t\t<p><strong>Para o candidato:<\/strong><\/p><p><strong>Antes da entrevista:<\/strong><\/p><ul><li>Busque informa\u00e7\u00f5es sobre a empresa na qual pretende se candidatar a vaga de est\u00e1gio, como: hist\u00f3ria, \u00e1rea de atua\u00e7\u00e3o, produtos\/servi\u00e7os, aspectos gerais, etc;<\/li><li>Confira o endere\u00e7o da empresa com anteced\u00eancia e se programe para n\u00e3o se atrasar;<\/li><li>Procure chegar pelo menos 10 minutos de antes do hor\u00e1rio marcado;<\/li><li>Qualquer imprevisto avise o mais breve poss\u00edvel;<\/li><li>Voc\u00ea j\u00e1 estar\u00e1 em avalia\u00e7\u00e3o a partir do momento em que entrar na empresa.<\/li><li>Use roupas adequadas, nada de exageros. Evite usar camisas de time de futebol, decotes, transpar\u00eancias, bon\u00e9s e fones no ouvido, saias justas, esmaltes com cores fortes, bijuterias grandes e pesadas. Mantenha os sapatos limpos.<\/li><\/ul><p>\u00a0<\/p><p><strong>Durante a entrevista:<\/strong><\/p><ul><li>Pensamento positivo sempre;<\/li><li>Olhe para o entrevistador quando falar;<\/li><li>Mantenha a postura reta e aguarde o selecionador orient\u00e1-lo onde sentar;<\/li><li>Cumprimente apenas com um firme aperto de m\u00e3o;<\/li><li>Ou\u00e7a as perguntas com aten\u00e7\u00e3o, antes de respond\u00ea-las;<\/li><li>Demonstre firmeza, \u00e2nimo, interesse;<\/li><li>No encerramento, agrade\u00e7a a oportunidade.<\/li><\/ul><p>\u00a0<\/p><p><strong>Evite:<\/strong><\/p><ul><li>Falar mal ou se queixar de est\u00e1gios anteriores;<\/li><li>Mexer-se muito na cadeira;<\/li><li>G\u00edrias, express\u00f5es que causem constrangimento;<\/li><li>Erros de concord\u00e2ncia verbal, piadinhas de mau gosto, interrup\u00e7\u00f5es constantes.<\/li><li>O primeiro dia de est\u00e1gio na empresa<\/li><li>Para conseguir uma vaga de est\u00e1gio voc\u00ea passou por v\u00e1rias etapas seletivas. Antes de come\u00e7ar, d\u00favidas s\u00e3o normais e, o melhor, \u00e9 buscar por respostas.<\/li><li>Oferecemos algumas dicas de como de comportar no in\u00edcio do seu est\u00e1gio, evitando enganos:<\/li><li>N\u00e3o tenha medo de perguntar sobre aquilo que ainda desconhece, como: Qual o hor\u00e1rio de entrada e sa\u00edda? Terei uma mesa de trabalho, telefone, computador?<\/li><li>N\u00e3o abuse do acesso a redes sociais. Isso pode ser perigoso e j\u00e1 lhe colocar em uma posi\u00e7\u00e3o negativa. Caso seja liberado o acesso, utilize apenas nos hor\u00e1rios permitidos;<\/li><li>Seja sincero sobre os suas inten\u00e7\u00f5es particulares. Sempre comunique com anteced\u00eancia quando tiver que se ausentar por algum motivo. Tal atitude demonstra responsabilidade e honestidade, deixando mais f\u00e1cil alguma negocia\u00e7\u00e3o com seu supervisor quando necess\u00e1rio;<\/li><li>Busque conhecer a empresa. Entenda os servi\u00e7os\/produtos, o que ela oferece aos seus clientes. Demonstre iniciativa e vontade de aprender;<\/li><li>Pesquise e estude sempre;<\/li><li>N\u00e3o se acomode, n\u00e3o fuja das responsabilidades que lhe s\u00e3o dadas, seja flex\u00edvel, utilize o bom portugu\u00eas, participe de reuni\u00f5es quando convidado.<\/li><\/ul>\t\t\t\t\t<\/div>\n\t\t\t\t\t\t<\/div>\n\t\t\t\t<\/div>\n\t\t\t\t\t\t<\/div>\n\t\t\t\t\t<\/div>\n\t\t<\/div>\n\t\t\t\t\t\t\t\t<\/div>\n\t\t\t\t\t<\/div>\n\t\t<\/section>\n\t\t\t\t\t\t<\/div>\n\t\t\t\t\t\t<\/div>\n\t\t\t\t\t<\/div>\n\t\t","protected":false},"excerpt":{"rendered":"<p>Para o candidato: Antes da entrevista: Busque informa\u00e7\u00f5es sobre a empresa na qual pretende se candidatar a vaga de est\u00e1gio, como: hist\u00f3ria, \u00e1rea de atua\u00e7\u00e3o, produtos\/servi\u00e7os, aspectos gerais, etc; Confira o endere\u00e7o da empresa com anteced\u00eancia e se programe para&#8230;<\/p>\n","protected":false},"author":1,"featured_media":0,"parent":0,"menu_order":0,"comment_status":"closed","ping_status":"closed","template":"template\/page-builder-template.php","meta":{"om_disable_all_campaigns":false,"_mi_skip_tracking":false,"footnotes":""},"class_list":["post-804","page","type-page","status-publish","hentry"],"aioseo_notices":[],"_links":{"self":[{"href":"http:\/\/www.startprofissional.com.br\/portal\/wp-json\/wp\/v2\/pages\/804","targetHints":{"allow":["GET"]}}],"collection":[{"href":"http:\/\/www.startprofissional.com.br\/portal\/wp-json\/wp\/v2\/pages"}],"about":[{"href":"http:\/\/www.startprofissional.com.br\/portal\/wp-json\/wp\/v2\/types\/page"}],"author":[{"embeddable":true,"href":"http:\/\/www.startprofissional.com.br\/portal\/wp-json\/wp\/v2\/users\/1"}],"replies":[{"embeddable":true,"href":"http:\/\/www.startprofissional.com.br\/portal\/wp-json\/wp\/v2\/comments?post=804"}],"version-history":[{"count":33,"href":"http:\/\/www.startprofissional.com.br\/portal\/wp-json\/wp\/v2\/pages\/804\/revisions"}],"predecessor-version":[{"id":1464,"href":"http:\/\/www.startprofissional.com.br\/portal\/wp-json\/wp\/v2\/pages\/804\/revisions\/1464"}],"wp:attachment":[{"href":"http:\/\/www.startprofissional.com.br\/portal\/wp-json\/wp\/v2\/media?parent=804"}],"curies":[{"name":"wp","href":"https:\/\/api.w.org\/{rel}","templated":true}]}}