{"id":466,"date":"2020-08-25T00:42:51","date_gmt":"2020-08-25T03:42:51","guid":{"rendered":"http:\/\/www.startprofissional.com.br\/portal\/?page_id=466"},"modified":"2022-02-15T12:02:40","modified_gmt":"2022-02-15T15:02:40","slug":"recrutamento-e-selecao","status":"publish","type":"page","link":"http:\/\/www.startprofissional.com.br\/portal\/recrutamento-e-selecao\/","title":{"rendered":"Quero contratar profissionais"},"content":{"rendered":"\t\t<div data-elementor-type=\"wp-post\" data-elementor-id=\"466\" class=\"elementor elementor-466\" data-elementor-settings=\"[]\">\n\t\t\t\t\t\t<div class=\"elementor-inner\">\n\t\t\t\t\t\t\t<div class=\"elementor-section-wrap\">\n\t\t\t\t\t\t\t<section class=\"elementor-section elementor-top-section elementor-element elementor-element-6116a66 elementor-section-boxed elementor-section-height-default elementor-section-height-default\" data-id=\"6116a66\" data-element_type=\"section\" data-settings=\"{&quot;background_background&quot;:&quot;classic&quot;}\">\n\t\t\t\t\t\t<div class=\"elementor-container elementor-column-gap-no\">\n\t\t\t\t\t\t\t<div class=\"elementor-row\">\n\t\t\t\t\t<div class=\"elementor-column elementor-col-100 elementor-top-column elementor-element elementor-element-aec2087\" data-id=\"aec2087\" data-element_type=\"column\">\n\t\t\t<div class=\"elementor-column-wrap\">\n\t\t\t\t\t\t\t<div class=\"elementor-widget-wrap\">\n\t\t\t\t\t\t\t\t<\/div>\n\t\t\t\t\t<\/div>\n\t\t<\/div>\n\t\t\t\t\t\t\t\t<\/div>\n\t\t\t\t\t<\/div>\n\t\t<\/section>\n\t\t\t\t<section class=\"elementor-section elementor-top-section elementor-element elementor-element-8820d5a elementor-section-boxed elementor-section-height-default elementor-section-height-default\" data-id=\"8820d5a\" data-element_type=\"section\">\n\t\t\t\t\t\t<div class=\"elementor-container elementor-column-gap-default\">\n\t\t\t\t\t\t\t<div class=\"elementor-row\">\n\t\t\t\t\t<div class=\"elementor-column elementor-col-66 elementor-top-column elementor-element elementor-element-4c50ddf\" data-id=\"4c50ddf\" data-element_type=\"column\">\n\t\t\t<div class=\"elementor-column-wrap elementor-element-populated\">\n\t\t\t\t\t\t\t<div class=\"elementor-widget-wrap\">\n\t\t\t\t\t\t<div class=\"elementor-element elementor-element-9fcafc0 elementor-drop-cap-yes elementor-drop-cap-view-default elementor-widget elementor-widget-text-editor\" data-id=\"9fcafc0\" data-element_type=\"widget\" data-settings=\"{&quot;drop_cap&quot;:&quot;yes&quot;}\" data-widget_type=\"text-editor.default\">\n\t\t\t\t<div class=\"elementor-widget-container\">\n\t\t\t\t\t\t\t\t<div class=\"elementor-text-editor elementor-clearfix\">\n\t\t\t\t<p>A START PROFISSIONAL atua com o recrutamento e sele\u00e7\u00e3o de profissionais, onde utilizamos uma metodologia atualizada e diferenciada, oferecemos uma consultoria especializada com profissionais capacitados para atender sua demanda.<\/p><p><strong>O PROCESSO DE SELE\u00c7\u00c3O:<\/strong><\/p><p><strong>1\u00b0 Levantamento de perfil:<\/strong> Levantamento dos requisitos da fun\u00e7\u00e3o e do perfil de compet\u00eancias do profissional a ser captado .<\/p><p><strong>2\u00b0 \u2013 Recrutamento e triagem de perfil:<\/strong> Prospec\u00e7\u00e3o de candidatos atrav\u00e9s de base de dados, an\u00fancios em redes sociais e institui\u00e7\u00f5es parceiras. Triagem e an\u00e1lise curricular, de acordo com o perfil solicitado.\u00a0 Realiza\u00e7\u00e3o de entrevistas por compet\u00eancias, din\u00e2micas e avalia\u00e7\u00f5es necess\u00e1rias dos candidatos pela Start. \u00a0Encaminhamento de material contendo dados dos candidatos pr\u00e9-selecionados pela START (contendo dados pessoais, resumo da experi\u00eancia profissional e resumo do perfil comportamental observados e avaliados). Envio da rela\u00e7\u00e3o de candidatos selecionados dentro do perfil<\/p><p><strong>3\u00b0 Finaliza\u00e7\u00e3o do processo pelo o cliente:<\/strong> Realiza\u00e7\u00e3o final das entrevistas s\u00e3o feitas pela a empresa concedente, analisando os laudos enviados pela a START, e realizando a sele\u00e7\u00e3o.<\/p><p><strong>Fa\u00e7a j\u00e1 o seu or\u00e7amento atrav\u00e9s dos nossos canais de atendimentos.\u00a0<\/strong><\/p><p><strong>Whatsapp: (62) 99225-0485<\/strong><\/p><p><strong>Fixo: (62) 3928-3009<\/strong><\/p>\t\t\t\t\t<\/div>\n\t\t\t\t\t\t<\/div>\n\t\t\t\t<\/div>\n\t\t\t\t\t\t<\/div>\n\t\t\t\t\t<\/div>\n\t\t<\/div>\n\t\t\t\t<div class=\"elementor-column elementor-col-33 elementor-top-column elementor-element elementor-element-d666c37\" data-id=\"d666c37\" data-element_type=\"column\">\n\t\t\t<div class=\"elementor-column-wrap elementor-element-populated\">\n\t\t\t\t\t\t\t<div class=\"elementor-widget-wrap\">\n\t\t\t\t\t\t<div class=\"elementor-element elementor-element-fe1024f elementor-widget elementor-widget-image\" data-id=\"fe1024f\" data-element_type=\"widget\" data-widget_type=\"image.default\">\n\t\t\t\t<div class=\"elementor-widget-container\">\n\t\t\t\t\t\t\t\t<div class=\"elementor-image\">\n\t\t\t\t\t\t\t\t\t\t\t\t<img loading=\"lazy\" decoding=\"async\" width=\"1024\" height=\"912\" src=\"http:\/\/www.startprofissional.com.br\/portal\/wp-content\/uploads\/2020\/08\/Start-Profissional-Aleatorias-3-01-1024x912.png\" class=\"attachment-large size-large\" alt=\"\" srcset=\"http:\/\/www.startprofissional.com.br\/portal\/wp-content\/uploads\/2020\/08\/Start-Profissional-Aleatorias-3-01-1024x912.png 1024w, http:\/\/www.startprofissional.com.br\/portal\/wp-content\/uploads\/2020\/08\/Start-Profissional-Aleatorias-3-01-300x267.png 300w, http:\/\/www.startprofissional.com.br\/portal\/wp-content\/uploads\/2020\/08\/Start-Profissional-Aleatorias-3-01-768x684.png 768w, http:\/\/www.startprofissional.com.br\/portal\/wp-content\/uploads\/2020\/08\/Start-Profissional-Aleatorias-3-01.png 1312w\" sizes=\"auto, (max-width: 1024px) 100vw, 1024px\" \/>\t\t\t\t\t\t\t\t\t\t\t\t\t\t<\/div>\n\t\t\t\t\t\t<\/div>\n\t\t\t\t<\/div>\n\t\t\t\t<div class=\"elementor-element elementor-element-cd7c370 elementor-button-success elementor-align-center elementor-widget elementor-widget-button\" data-id=\"cd7c370\" data-element_type=\"widget\" data-widget_type=\"button.default\">\n\t\t\t\t<div class=\"elementor-widget-container\">\n\t\t\t\t\t<div class=\"elementor-button-wrapper\">\n\t\t\t<a href=\"https:\/\/wa.me\/5562992250485?text=Ol%C3%A1%21+Tenho+interesse+em+contratar+profissionais.\" class=\"elementor-button-link elementor-button elementor-size-md\" role=\"button\">\n\t\t\t\t\t\t<span class=\"elementor-button-content-wrapper\">\n\t\t\t\t\t\t<span class=\"elementor-button-icon elementor-align-icon-left\">\n\t\t\t\t<i aria-hidden=\"true\" class=\"fab fa-whatsapp\"><\/i>\t\t\t<\/span>\n\t\t\t\t\t\t<span class=\"elementor-button-text\">ATENDIMENTO VIA WHATSAPP<\/span>\n\t\t<\/span>\n\t\t\t\t\t<\/a>\n\t\t<\/div>\n\t\t\t\t<\/div>\n\t\t\t\t<\/div>\n\t\t\t\t\t\t<\/div>\n\t\t\t\t\t<\/div>\n\t\t<\/div>\n\t\t\t\t\t\t\t\t<\/div>\n\t\t\t\t\t<\/div>\n\t\t<\/section>\n\t\t\t\t<section class=\"elementor-section elementor-top-section elementor-element elementor-element-fcd4e8a elementor-section-boxed elementor-section-height-default elementor-section-height-default\" data-id=\"fcd4e8a\" data-element_type=\"section\">\n\t\t\t\t\t\t<div class=\"elementor-container elementor-column-gap-default\">\n\t\t\t\t\t\t\t<div class=\"elementor-row\">\n\t\t\t\t\t<div class=\"elementor-column elementor-col-100 elementor-top-column elementor-element elementor-element-6ff210d\" data-id=\"6ff210d\" data-element_type=\"column\">\n\t\t\t<div class=\"elementor-column-wrap\">\n\t\t\t\t\t\t\t<div class=\"elementor-widget-wrap\">\n\t\t\t\t\t\t\t\t<\/div>\n\t\t\t\t\t<\/div>\n\t\t<\/div>\n\t\t\t\t\t\t\t\t<\/div>\n\t\t\t\t\t<\/div>\n\t\t<\/section>\n\t\t\t\t\t\t<\/div>\n\t\t\t\t\t\t<\/div>\n\t\t\t\t\t<\/div>\n\t\t","protected":false},"excerpt":{"rendered":"<p>A START PROFISSIONAL atua com o recrutamento e sele\u00e7\u00e3o de profissionais, onde utilizamos uma metodologia atualizada e diferenciada, oferecemos uma consultoria especializada com profissionais capacitados para atender sua demanda. O PROCESSO DE SELE\u00c7\u00c3O: 1\u00b0 Levantamento de perfil: Levantamento dos requisitos&#8230;<\/p>\n","protected":false},"author":1,"featured_media":0,"parent":0,"menu_order":0,"comment_status":"closed","ping_status":"closed","template":"template\/page-builder-template.php","meta":{"om_disable_all_campaigns":false,"_mi_skip_tracking":false,"footnotes":""},"class_list":["post-466","page","type-page","status-publish","hentry"],"aioseo_notices":[],"_links":{"self":[{"href":"http:\/\/www.startprofissional.com.br\/portal\/wp-json\/wp\/v2\/pages\/466","targetHints":{"allow":["GET"]}}],"collection":[{"href":"http:\/\/www.startprofissional.com.br\/portal\/wp-json\/wp\/v2\/pages"}],"about":[{"href":"http:\/\/www.startprofissional.com.br\/portal\/wp-json\/wp\/v2\/types\/page"}],"author":[{"embeddable":true,"href":"http:\/\/www.startprofissional.com.br\/portal\/wp-json\/wp\/v2\/users\/1"}],"replies":[{"embeddable":true,"href":"http:\/\/www.startprofissional.com.br\/portal\/wp-json\/wp\/v2\/comments?post=466"}],"version-history":[{"count":95,"href":"http:\/\/www.startprofissional.com.br\/portal\/wp-json\/wp\/v2\/pages\/466\/revisions"}],"predecessor-version":[{"id":1479,"href":"http:\/\/www.startprofissional.com.br\/portal\/wp-json\/wp\/v2\/pages\/466\/revisions\/1479"}],"wp:attachment":[{"href":"http:\/\/www.startprofissional.com.br\/portal\/wp-json\/wp\/v2\/media?parent=466"}],"curies":[{"name":"wp","href":"https:\/\/api.w.org\/{rel}","templated":true}]}}