{"id":462,"date":"2020-08-25T00:41:27","date_gmt":"2020-08-25T03:41:27","guid":{"rendered":"http:\/\/www.startprofissional.com.br\/portal\/?page_id=462"},"modified":"2022-02-15T11:51:35","modified_gmt":"2022-02-15T14:51:35","slug":"instituicoes-de-ensino","status":"publish","type":"page","link":"http:\/\/www.startprofissional.com.br\/portal\/instituicoes-de-ensino\/","title":{"rendered":"Institui\u00e7\u00f5es de Ensino"},"content":{"rendered":"\t\t<div data-elementor-type=\"wp-post\" data-elementor-id=\"462\" class=\"elementor elementor-462\" data-elementor-settings=\"[]\">\n\t\t\t\t\t\t<div class=\"elementor-inner\">\n\t\t\t\t\t\t\t<div class=\"elementor-section-wrap\">\n\t\t\t\t\t\t\t<section class=\"elementor-section elementor-top-section elementor-element elementor-element-6116a66 elementor-section-boxed elementor-section-height-default elementor-section-height-default\" data-id=\"6116a66\" data-element_type=\"section\" data-settings=\"{&quot;background_background&quot;:&quot;classic&quot;}\">\n\t\t\t\t\t\t<div class=\"elementor-container elementor-column-gap-no\">\n\t\t\t\t\t\t\t<div class=\"elementor-row\">\n\t\t\t\t\t<div class=\"elementor-column elementor-col-100 elementor-top-column elementor-element elementor-element-aec2087\" data-id=\"aec2087\" data-element_type=\"column\">\n\t\t\t<div class=\"elementor-column-wrap\">\n\t\t\t\t\t\t\t<div class=\"elementor-widget-wrap\">\n\t\t\t\t\t\t\t\t<\/div>\n\t\t\t\t\t<\/div>\n\t\t<\/div>\n\t\t\t\t\t\t\t\t<\/div>\n\t\t\t\t\t<\/div>\n\t\t<\/section>\n\t\t\t\t<section class=\"elementor-section elementor-top-section elementor-element elementor-element-0e56c34 elementor-section-boxed elementor-section-height-default elementor-section-height-default\" data-id=\"0e56c34\" data-element_type=\"section\">\n\t\t\t\t\t\t<div class=\"elementor-container elementor-column-gap-default\">\n\t\t\t\t\t\t\t<div class=\"elementor-row\">\n\t\t\t\t\t<div class=\"elementor-column elementor-col-66 elementor-top-column elementor-element elementor-element-f166e30\" data-id=\"f166e30\" data-element_type=\"column\">\n\t\t\t<div class=\"elementor-column-wrap elementor-element-populated\">\n\t\t\t\t\t\t\t<div class=\"elementor-widget-wrap\">\n\t\t\t\t\t\t<div class=\"elementor-element elementor-element-d756acc elementor-drop-cap-yes elementor-drop-cap-view-default elementor-widget elementor-widget-text-editor\" data-id=\"d756acc\" data-element_type=\"widget\" data-settings=\"{&quot;drop_cap&quot;:&quot;yes&quot;}\" data-widget_type=\"text-editor.default\">\n\t\t\t\t<div class=\"elementor-widget-container\">\n\t\t\t\t\t\t\t\t<div class=\"elementor-text-editor elementor-clearfix\">\n\t\t\t\t<p>Para as institui\u00e7\u00f5es de ensino a atua\u00e7\u00e3o da START Profissional favorece um relacionamento mais pr\u00f3ximo das empresas, o que possibilita a troca m\u00fatua de viv\u00eancias e demandas. Ao gerar, tamb\u00e9m, oportunidades de vagas de est\u00e1gio, as institui\u00e7\u00f5es de ensino:<\/p><p>Se interagem com novas demandas para produ\u00e7\u00e3o e gest\u00e3o de conhecimentos para o exerc\u00edcio das profiss\u00f5es<br \/>Contextualizam os curr\u00edculos escolares atrav\u00e9s das pr\u00e1ticas vivenciais do mundo do trabalho<br \/>Estabelecem diretrizes e a\u00e7\u00f5es estrat\u00e9gicas em benef\u00edcio aos estudantes; incrementam o aprendizado, o melhor aproveitamento do conte\u00fado te\u00f3rico-pr\u00e1tico<\/p><p>O objetivo da START ao encaminhar seus alunos ao mercado \u00e9 para que os mesmos estejam preparados para o futuro profissional.<\/p><p>Venha nos conhecer e seja parceiro da START Profissional. Agende uma visita conosco. Estamos prontos para prestar todas as informa\u00e7\u00f5es relacionadas ao est\u00e1gio com respaldo da legisla\u00e7\u00e3o vigente (Lei n\u00ba 11.788\/2008).<\/p><p>Divulgamos as vagas est\u00e1gio e oferecemos suporte para o acompanhamento do desempenho dos estudantes durante o est\u00e1gio.<\/p>\t\t\t\t\t<\/div>\n\t\t\t\t\t\t<\/div>\n\t\t\t\t<\/div>\n\t\t\t\t\t\t<\/div>\n\t\t\t\t\t<\/div>\n\t\t<\/div>\n\t\t\t\t<div class=\"elementor-column elementor-col-33 elementor-top-column elementor-element elementor-element-77c0a37\" data-id=\"77c0a37\" data-element_type=\"column\">\n\t\t\t<div class=\"elementor-column-wrap elementor-element-populated\">\n\t\t\t\t\t\t\t<div class=\"elementor-widget-wrap\">\n\t\t\t\t\t\t<div class=\"elementor-element elementor-element-09d63fe elementor-widget elementor-widget-image\" data-id=\"09d63fe\" data-element_type=\"widget\" data-widget_type=\"image.default\">\n\t\t\t\t<div class=\"elementor-widget-container\">\n\t\t\t\t\t\t\t\t<div class=\"elementor-image\">\n\t\t\t\t\t\t\t\t\t\t\t\t<img loading=\"lazy\" decoding=\"async\" width=\"1024\" height=\"912\" src=\"http:\/\/www.startprofissional.com.br\/portal\/wp-content\/uploads\/2020\/08\/Start-Profissional-Aleatorias-1-01-1024x912.png\" class=\"attachment-large size-large\" alt=\"\" srcset=\"http:\/\/www.startprofissional.com.br\/portal\/wp-content\/uploads\/2020\/08\/Start-Profissional-Aleatorias-1-01-1024x912.png 1024w, http:\/\/www.startprofissional.com.br\/portal\/wp-content\/uploads\/2020\/08\/Start-Profissional-Aleatorias-1-01-300x267.png 300w, http:\/\/www.startprofissional.com.br\/portal\/wp-content\/uploads\/2020\/08\/Start-Profissional-Aleatorias-1-01-768x684.png 768w, http:\/\/www.startprofissional.com.br\/portal\/wp-content\/uploads\/2020\/08\/Start-Profissional-Aleatorias-1-01.png 1312w\" sizes=\"auto, (max-width: 1024px) 100vw, 1024px\" \/>\t\t\t\t\t\t\t\t\t\t\t\t\t\t<\/div>\n\t\t\t\t\t\t<\/div>\n\t\t\t\t<\/div>\n\t\t\t\t<div class=\"elementor-element elementor-element-ebdbaa8 elementor-button-success elementor-align-center elementor-widget elementor-widget-button\" data-id=\"ebdbaa8\" data-element_type=\"widget\" data-widget_type=\"button.default\">\n\t\t\t\t<div class=\"elementor-widget-container\">\n\t\t\t\t\t<div class=\"elementor-button-wrapper\">\n\t\t\t<a href=\"http:\/\/portal-start.ddns.net:8019\/formulario-empresa\" class=\"elementor-button-link elementor-button elementor-size-xl\" role=\"button\">\n\t\t\t\t\t\t<span class=\"elementor-button-content-wrapper\">\n\t\t\t\t\t\t<span class=\"elementor-button-icon elementor-align-icon-left\">\n\t\t\t\t<i aria-hidden=\"true\" class=\"far fa-hand-point-right\"><\/i>\t\t\t<\/span>\n\t\t\t\t\t\t<span class=\"elementor-button-text\">Cadastre sua Institui\u00e7\u00e3o<\/span>\n\t\t<\/span>\n\t\t\t\t\t<\/a>\n\t\t<\/div>\n\t\t\t\t<\/div>\n\t\t\t\t<\/div>\n\t\t\t\t\t\t<\/div>\n\t\t\t\t\t<\/div>\n\t\t<\/div>\n\t\t\t\t\t\t\t\t<\/div>\n\t\t\t\t\t<\/div>\n\t\t<\/section>\n\t\t\t\t\t\t<\/div>\n\t\t\t\t\t\t<\/div>\n\t\t\t\t\t<\/div>\n\t\t","protected":false},"excerpt":{"rendered":"<p>Para as institui\u00e7\u00f5es de ensino a atua\u00e7\u00e3o da START Profissional favorece um relacionamento mais pr\u00f3ximo das empresas, o que possibilita a troca m\u00fatua de viv\u00eancias e demandas. Ao gerar, tamb\u00e9m, oportunidades de vagas de est\u00e1gio, as institui\u00e7\u00f5es de ensino: Se&#8230;<\/p>\n","protected":false},"author":1,"featured_media":0,"parent":0,"menu_order":0,"comment_status":"closed","ping_status":"closed","template":"template\/page-builder-template.php","meta":{"om_disable_all_campaigns":false,"_mi_skip_tracking":false,"footnotes":""},"class_list":["post-462","page","type-page","status-publish","hentry"],"aioseo_notices":[],"_links":{"self":[{"href":"http:\/\/www.startprofissional.com.br\/portal\/wp-json\/wp\/v2\/pages\/462","targetHints":{"allow":["GET"]}}],"collection":[{"href":"http:\/\/www.startprofissional.com.br\/portal\/wp-json\/wp\/v2\/pages"}],"about":[{"href":"http:\/\/www.startprofissional.com.br\/portal\/wp-json\/wp\/v2\/types\/page"}],"author":[{"embeddable":true,"href":"http:\/\/www.startprofissional.com.br\/portal\/wp-json\/wp\/v2\/users\/1"}],"replies":[{"embeddable":true,"href":"http:\/\/www.startprofissional.com.br\/portal\/wp-json\/wp\/v2\/comments?post=462"}],"version-history":[{"count":41,"href":"http:\/\/www.startprofissional.com.br\/portal\/wp-json\/wp\/v2\/pages\/462\/revisions"}],"predecessor-version":[{"id":1452,"href":"http:\/\/www.startprofissional.com.br\/portal\/wp-json\/wp\/v2\/pages\/462\/revisions\/1452"}],"wp:attachment":[{"href":"http:\/\/www.startprofissional.com.br\/portal\/wp-json\/wp\/v2\/media?parent=462"}],"curies":[{"name":"wp","href":"https:\/\/api.w.org\/{rel}","templated":true}]}}