{"id":42,"date":"2017-11-22T08:00:18","date_gmt":"2017-11-22T10:00:18","guid":{"rendered":"http:\/\/nikah1.themesawesome.com\/?page_id=42"},"modified":"2022-02-15T12:05:47","modified_gmt":"2022-02-15T15:05:47","slug":"sobre-start-profissional","status":"publish","type":"page","link":"http:\/\/www.startprofissional.com.br\/portal\/sobre-start-profissional\/","title":{"rendered":"Sobre"},"content":{"rendered":"\t\t<div data-elementor-type=\"wp-post\" data-elementor-id=\"42\" class=\"elementor elementor-42\" data-elementor-settings=\"[]\">\n\t\t\t\t\t\t<div class=\"elementor-inner\">\n\t\t\t\t\t\t\t<div class=\"elementor-section-wrap\">\n\t\t\t\t\t\t\t<section class=\"elementor-section elementor-top-section elementor-element elementor-element-6116a66 elementor-section-boxed elementor-section-height-default elementor-section-height-default\" data-id=\"6116a66\" data-element_type=\"section\" data-settings=\"{&quot;background_background&quot;:&quot;classic&quot;}\">\n\t\t\t\t\t\t\t<div class=\"elementor-background-overlay\"><\/div>\n\t\t\t\t\t\t\t<div class=\"elementor-container elementor-column-gap-no\">\n\t\t\t\t\t\t\t<div class=\"elementor-row\">\n\t\t\t\t\t<div class=\"elementor-column elementor-col-100 elementor-top-column elementor-element elementor-element-1266074\" data-id=\"1266074\" data-element_type=\"column\">\n\t\t\t<div class=\"elementor-column-wrap\">\n\t\t\t\t\t\t\t<div class=\"elementor-widget-wrap\">\n\t\t\t\t\t\t\t\t<\/div>\n\t\t\t\t\t<\/div>\n\t\t<\/div>\n\t\t\t\t\t\t\t\t<\/div>\n\t\t\t\t\t<\/div>\n\t\t<\/section>\n\t\t\t\t<section class=\"elementor-section elementor-top-section elementor-element elementor-element-f48c928 elementor-section-boxed elementor-section-height-default elementor-section-height-default\" data-id=\"f48c928\" data-element_type=\"section\">\n\t\t\t\t\t\t<div class=\"elementor-container elementor-column-gap-default\">\n\t\t\t\t\t\t\t<div class=\"elementor-row\">\n\t\t\t\t\t<div class=\"elementor-column elementor-col-100 elementor-top-column elementor-element elementor-element-bc9493e\" data-id=\"bc9493e\" data-element_type=\"column\">\n\t\t\t<div class=\"elementor-column-wrap elementor-element-populated\">\n\t\t\t\t\t\t\t<div class=\"elementor-widget-wrap\">\n\t\t\t\t\t\t<div class=\"elementor-element elementor-element-0bcefc2 elementor-widget elementor-widget-spacer\" data-id=\"0bcefc2\" data-element_type=\"widget\" data-widget_type=\"spacer.default\">\n\t\t\t\t<div class=\"elementor-widget-container\">\n\t\t\t\t\t<div class=\"elementor-spacer\">\n\t\t\t<div class=\"elementor-spacer-inner\"><\/div>\n\t\t<\/div>\n\t\t\t\t<\/div>\n\t\t\t\t<\/div>\n\t\t\t\t\t\t<\/div>\n\t\t\t\t\t<\/div>\n\t\t<\/div>\n\t\t\t\t\t\t\t\t<\/div>\n\t\t\t\t\t<\/div>\n\t\t<\/section>\n\t\t\t\t<section class=\"elementor-section elementor-top-section elementor-element elementor-element-0f9f97a elementor-section-boxed elementor-section-height-default elementor-section-height-default\" data-id=\"0f9f97a\" data-element_type=\"section\">\n\t\t\t\t\t\t<div class=\"elementor-container elementor-column-gap-default\">\n\t\t\t\t\t\t\t<div class=\"elementor-row\">\n\t\t\t\t\t<div class=\"elementor-column elementor-col-50 elementor-top-column elementor-element elementor-element-65e458a\" data-id=\"65e458a\" data-element_type=\"column\">\n\t\t\t<div class=\"elementor-column-wrap elementor-element-populated\">\n\t\t\t\t\t\t\t<div class=\"elementor-widget-wrap\">\n\t\t\t\t\t\t<div class=\"elementor-element elementor-element-c7a3c55 elementor-widget elementor-widget-image\" data-id=\"c7a3c55\" data-element_type=\"widget\" data-widget_type=\"image.default\">\n\t\t\t\t<div class=\"elementor-widget-container\">\n\t\t\t\t\t\t\t\t<div class=\"elementor-image\">\n\t\t\t\t\t\t\t\t\t\t\t\t<img loading=\"lazy\" decoding=\"async\" width=\"401\" height=\"72\" src=\"http:\/\/www.startprofissional.com.br\/portal\/wp-content\/uploads\/2020\/08\/Logo-400x165-Start-Profissional.png\" class=\"attachment-large size-large\" alt=\"\" srcset=\"http:\/\/www.startprofissional.com.br\/portal\/wp-content\/uploads\/2020\/08\/Logo-400x165-Start-Profissional.png 401w, http:\/\/www.startprofissional.com.br\/portal\/wp-content\/uploads\/2020\/08\/Logo-400x165-Start-Profissional-300x54.png 300w\" sizes=\"auto, (max-width: 401px) 100vw, 401px\" \/>\t\t\t\t\t\t\t\t\t\t\t\t\t\t<\/div>\n\t\t\t\t\t\t<\/div>\n\t\t\t\t<\/div>\n\t\t\t\t\t\t<\/div>\n\t\t\t\t\t<\/div>\n\t\t<\/div>\n\t\t\t\t<div class=\"elementor-column elementor-col-50 elementor-top-column elementor-element elementor-element-9ad7288\" data-id=\"9ad7288\" data-element_type=\"column\">\n\t\t\t<div class=\"elementor-column-wrap elementor-element-populated\">\n\t\t\t\t\t\t\t<div class=\"elementor-widget-wrap\">\n\t\t\t\t\t\t<div class=\"elementor-element elementor-element-3c893b7 elementor-widget elementor-widget-heading\" data-id=\"3c893b7\" data-element_type=\"widget\" data-widget_type=\"heading.default\">\n\t\t\t\t<div class=\"elementor-widget-container\">\n\t\t\t<h2 class=\"elementor-heading-title elementor-size-default\">START INSTITUTO DE DESENVOLVIMENTO HUMANO E PROFISSIONAL<\/h2>\t\t<\/div>\n\t\t\t\t<\/div>\n\t\t\t\t\t\t<\/div>\n\t\t\t\t\t<\/div>\n\t\t<\/div>\n\t\t\t\t\t\t\t\t<\/div>\n\t\t\t\t\t<\/div>\n\t\t<\/section>\n\t\t\t\t<section class=\"elementor-section elementor-top-section elementor-element elementor-element-fe2dcf6 elementor-section-boxed elementor-section-height-default elementor-section-height-default\" data-id=\"fe2dcf6\" data-element_type=\"section\">\n\t\t\t\t\t\t<div class=\"elementor-container elementor-column-gap-default\">\n\t\t\t\t\t\t\t<div class=\"elementor-row\">\n\t\t\t\t\t<div class=\"elementor-column elementor-col-66 elementor-top-column elementor-element elementor-element-25b90aa\" data-id=\"25b90aa\" data-element_type=\"column\">\n\t\t\t<div class=\"elementor-column-wrap elementor-element-populated\">\n\t\t\t\t\t\t\t<div class=\"elementor-widget-wrap\">\n\t\t\t\t\t\t<div class=\"elementor-element elementor-element-7851b70 elementor-drop-cap-yes elementor-drop-cap-view-default elementor-widget elementor-widget-text-editor\" data-id=\"7851b70\" data-element_type=\"widget\" data-settings=\"{&quot;drop_cap&quot;:&quot;yes&quot;}\" data-widget_type=\"text-editor.default\">\n\t\t\t\t<div class=\"elementor-widget-container\">\n\t\t\t\t\t\t\t\t<div class=\"elementor-text-editor elementor-clearfix\">\n\t\t\t\t<p>Bem-vindo (a) a START Instituto de Desenvolvimento Humano e Profissional. Com sede em Goi\u00e2nia, a empresa atua na \u00e1rea de desenvolvimento de pessoas atendendo organiza\u00e7\u00f5es p\u00fablicas\/privadas e profissionais, por meio da Gest\u00e3o de Estagi\u00e1rios.<\/p><p>Nosso prop\u00f3sito \u00e9 trabalhar com as empresas, atendendo \u00e0s suas expectativas, e n\u00e3o somente para elas.<\/p><p>Com uma proposta contempor\u00e2nea e inovadora para a qualifica\u00e7\u00e3o de jovens &#8211; estagi\u00e1rios &#8211; e profissionais, realizamos um trabalho personalizado que responde \u00e0s necessidades espec\u00edficas de cada organiza\u00e7\u00e3o. Apoiados em parcerias estrat\u00e9gicas com escolas e empresas, geramos e trabalhamos conte\u00fados de valor para as organiza\u00e7\u00f5es.<\/p><p>A Start Profissional tamb\u00e9m administra oportunidades de est\u00e1gio aos jovens estudantes, por meio da viv\u00eancia pr\u00e1tica deste ato educativo, dentro das empresas clientes, o que proporciona aos mesmos, desenvolvimento humano e profissional, com respaldo da Lei n\u00ba 11.788\/2008. Para a empresa, o est\u00e1gio favorece o investimento na gest\u00e3o de talentos, uma etapa na prepara\u00e7\u00e3o de futuros profissionais adequados com as especificidades da organiza\u00e7\u00e3o.<\/p>\t\t\t\t\t<\/div>\n\t\t\t\t\t\t<\/div>\n\t\t\t\t<\/div>\n\t\t\t\t\t\t<\/div>\n\t\t\t\t\t<\/div>\n\t\t<\/div>\n\t\t\t\t<div class=\"elementor-column elementor-col-33 elementor-top-column elementor-element elementor-element-5f4b341\" data-id=\"5f4b341\" data-element_type=\"column\">\n\t\t\t<div class=\"elementor-column-wrap elementor-element-populated\">\n\t\t\t\t\t\t\t<div class=\"elementor-widget-wrap\">\n\t\t\t\t\t\t<div class=\"elementor-element elementor-element-e9ece56 elementor-widget elementor-widget-heading\" data-id=\"e9ece56\" data-element_type=\"widget\" data-widget_type=\"heading.default\">\n\t\t\t\t<div class=\"elementor-widget-container\">\n\t\t\t<h2 class=\"elementor-heading-title elementor-size-default\">\"A Start Profissional atua com Recrutamento e Sele\u00e7\u00e3o de Profissionais e Estagi\u00e1rios onde utilizamos uma metodologia atualizada e diferenciada\"\n<br>\n<br>\n\nThiago Emiliano, Diretor<\/h2>\t\t<\/div>\n\t\t\t\t<\/div>\n\t\t\t\t<div class=\"elementor-element elementor-element-16f5839 elementor-widget elementor-widget-image\" data-id=\"16f5839\" data-element_type=\"widget\" data-widget_type=\"image.default\">\n\t\t\t\t<div class=\"elementor-widget-container\">\n\t\t\t\t\t\t\t\t<div class=\"elementor-image\">\n\t\t\t\t\t\t\t\t\t\t\t\t<img loading=\"lazy\" decoding=\"async\" width=\"200\" height=\"400\" src=\"http:\/\/www.startprofissional.com.br\/portal\/wp-content\/uploads\/2020\/08\/Mascote-Start-Profissional-01.png\" class=\"attachment-large size-large\" alt=\"\" srcset=\"http:\/\/www.startprofissional.com.br\/portal\/wp-content\/uploads\/2020\/08\/Mascote-Start-Profissional-01.png 200w, http:\/\/www.startprofissional.com.br\/portal\/wp-content\/uploads\/2020\/08\/Mascote-Start-Profissional-01-150x300.png 150w\" sizes=\"auto, (max-width: 200px) 100vw, 200px\" \/>\t\t\t\t\t\t\t\t\t\t\t\t\t\t<\/div>\n\t\t\t\t\t\t<\/div>\n\t\t\t\t<\/div>\n\t\t\t\t\t\t<\/div>\n\t\t\t\t\t<\/div>\n\t\t<\/div>\n\t\t\t\t\t\t\t\t<\/div>\n\t\t\t\t\t<\/div>\n\t\t<\/section>\n\t\t\t\t<section class=\"elementor-section elementor-top-section elementor-element elementor-element-8b4a550 elementor-section-boxed elementor-section-height-default elementor-section-height-default\" data-id=\"8b4a550\" data-element_type=\"section\" data-settings=\"{&quot;background_background&quot;:&quot;classic&quot;}\">\n\t\t\t\t\t\t<div class=\"elementor-container elementor-column-gap-default\">\n\t\t\t\t\t\t\t<div class=\"elementor-row\">\n\t\t\t\t\t<div class=\"elementor-column elementor-col-33 elementor-top-column elementor-element elementor-element-e600ac2\" data-id=\"e600ac2\" data-element_type=\"column\">\n\t\t\t<div class=\"elementor-column-wrap elementor-element-populated\">\n\t\t\t\t\t\t\t<div class=\"elementor-widget-wrap\">\n\t\t\t\t\t\t<div class=\"elementor-element elementor-element-fdb4e36 elementor-widget elementor-widget-heading\" data-id=\"fdb4e36\" data-element_type=\"widget\" data-widget_type=\"heading.default\">\n\t\t\t\t<div class=\"elementor-widget-container\">\n\t\t\t<h2 class=\"elementor-heading-title elementor-size-default\">MISS\u00c3O<\/h2>\t\t<\/div>\n\t\t\t\t<\/div>\n\t\t\t\t<div class=\"elementor-element elementor-element-e6cb929 elementor-widget elementor-widget-text-editor\" data-id=\"e6cb929\" data-element_type=\"widget\" data-widget_type=\"text-editor.default\">\n\t\t\t\t<div class=\"elementor-widget-container\">\n\t\t\t\t\t\t\t\t<div class=\"elementor-text-editor elementor-clearfix\">\n\t\t\t\t<p>Promover a inser\u00e7\u00e3o de jovens ao mercado de trabalho por meio da oferta de est\u00e1gio (intera\u00e7\u00e3o empresa \u2013 escola), contribuindo com o desenvolvimento profissional, empresarial e dos centros de ensino.<\/p>\t\t\t\t\t<\/div>\n\t\t\t\t\t\t<\/div>\n\t\t\t\t<\/div>\n\t\t\t\t\t\t<\/div>\n\t\t\t\t\t<\/div>\n\t\t<\/div>\n\t\t\t\t<div class=\"elementor-column elementor-col-33 elementor-top-column elementor-element elementor-element-dc9a465\" data-id=\"dc9a465\" data-element_type=\"column\">\n\t\t\t<div class=\"elementor-column-wrap elementor-element-populated\">\n\t\t\t\t\t\t\t<div class=\"elementor-widget-wrap\">\n\t\t\t\t\t\t<div class=\"elementor-element elementor-element-095e8ec elementor-widget elementor-widget-heading\" data-id=\"095e8ec\" data-element_type=\"widget\" data-widget_type=\"heading.default\">\n\t\t\t\t<div class=\"elementor-widget-container\">\n\t\t\t<h2 class=\"elementor-heading-title elementor-size-default\">VIS\u00c3O<\/h2>\t\t<\/div>\n\t\t\t\t<\/div>\n\t\t\t\t<div class=\"elementor-element elementor-element-e4f53ef elementor-widget elementor-widget-text-editor\" data-id=\"e4f53ef\" data-element_type=\"widget\" data-widget_type=\"text-editor.default\">\n\t\t\t\t<div class=\"elementor-widget-container\">\n\t\t\t\t\t\t\t\t<div class=\"elementor-text-editor elementor-clearfix\">\n\t\t\t\t<p>Ser refer\u00eancia entre as tr\u00eas melhores ag\u00eancias de est\u00e1gio no estado de Goi\u00e1s at\u00e9 2023.<\/p>\t\t\t\t\t<\/div>\n\t\t\t\t\t\t<\/div>\n\t\t\t\t<\/div>\n\t\t\t\t\t\t<\/div>\n\t\t\t\t\t<\/div>\n\t\t<\/div>\n\t\t\t\t<div class=\"elementor-column elementor-col-33 elementor-top-column elementor-element elementor-element-0c5ff96\" data-id=\"0c5ff96\" data-element_type=\"column\">\n\t\t\t<div class=\"elementor-column-wrap elementor-element-populated\">\n\t\t\t\t\t\t\t<div class=\"elementor-widget-wrap\">\n\t\t\t\t\t\t<div class=\"elementor-element elementor-element-11405c3 elementor-widget elementor-widget-heading\" data-id=\"11405c3\" data-element_type=\"widget\" data-widget_type=\"heading.default\">\n\t\t\t\t<div class=\"elementor-widget-container\">\n\t\t\t<h2 class=\"elementor-heading-title elementor-size-default\">VALORES<\/h2>\t\t<\/div>\n\t\t\t\t<\/div>\n\t\t\t\t<div class=\"elementor-element elementor-element-8e59369 elementor-widget elementor-widget-text-editor\" data-id=\"8e59369\" data-element_type=\"widget\" data-widget_type=\"text-editor.default\">\n\t\t\t\t<div class=\"elementor-widget-container\">\n\t\t\t\t\t\t\t\t<div class=\"elementor-text-editor elementor-clearfix\">\n\t\t\t\t<p>F\u00e9 \u2013 \u00c9tica \u2013 Inova\u00e7\u00e3o \u2013 Agilidade \u2013 Responsabilidade \u2013 Satisfa\u00e7\u00e3o do Cliente \u2013 Valoriza\u00e7\u00e3o da Educa\u00e7\u00e3o e das Pessoas.<\/p>\t\t\t\t\t<\/div>\n\t\t\t\t\t\t<\/div>\n\t\t\t\t<\/div>\n\t\t\t\t\t\t<\/div>\n\t\t\t\t\t<\/div>\n\t\t<\/div>\n\t\t\t\t\t\t\t\t<\/div>\n\t\t\t\t\t<\/div>\n\t\t<\/section>\n\t\t\t\t<section class=\"elementor-section elementor-top-section elementor-element elementor-element-c5282ef elementor-section-boxed elementor-section-height-default elementor-section-height-default\" data-id=\"c5282ef\" data-element_type=\"section\">\n\t\t\t\t\t\t<div class=\"elementor-container elementor-column-gap-default\">\n\t\t\t\t\t\t\t<div class=\"elementor-row\">\n\t\t\t\t\t<div class=\"elementor-column elementor-col-100 elementor-top-column elementor-element elementor-element-b9f2cbf\" data-id=\"b9f2cbf\" data-element_type=\"column\">\n\t\t\t<div class=\"elementor-column-wrap elementor-element-populated\">\n\t\t\t\t\t\t\t<div class=\"elementor-widget-wrap\">\n\t\t\t\t\t\t<div class=\"elementor-element elementor-element-45115b0 the-title-center elementor-widget elementor-widget-nikah-head-title\" data-id=\"45115b0\" data-element_type=\"widget\" data-widget_type=\"nikah-head-title.default\">\n\t\t\t\t<div class=\"elementor-widget-container\">\n\t\t\t<div class=\"head-title head-title-2 text-center clearfix\">\r\n\t<h2 class=\"the-title\">\r\n\t\t\t\tDepoimentos\t<\/h2>\r\n<\/div>\r\n\t\t\t\t<\/div>\n\t\t\t\t<\/div>\n\t\t\t\t<div class=\"elementor-element elementor-element-2b25ad8 slide-autoplay-use slide-loop-use elementor-widget elementor-widget-nikah-testimonial-block\" data-id=\"2b25ad8\" data-element_type=\"widget\" data-widget_type=\"nikah-testimonial-block.default\">\n\t\t\t\t<div class=\"elementor-widget-container\">\n\t\t\t<div class=\"testimonial-wrap carousel-container clearfix\">\r\n\t<div class=\"carousel-wrapper testimonial-inner-content owl-carousel owl-theme\">\r\n\r\n\t\r\n\t<div class=\"carousel-slide testimonial-content\">\r\n\t\t<p>\u201cQueremos Parabenizar a empresa START Profissional, por todos esses anos de parceria, nos atendendo de forma cordial, \u00e1gil e respons\u00e1vel. Com excelentes profissionais.\u201d<\/p>\r\n\r\n\t\t<div class=\"testimonial-details clearfix\">\r\n\r\n\t\t\t<div class=\"testimonial-image\">\r\n\t\t\t\t<img decoding=\"async\" src=\"http:\/\/www.startprofissional.com.br\/portal\/wp-content\/uploads\/2021\/03\/pp-1-100x100.jpg\" alt=\"Simone Maria\">\r\n\t\t\t<\/div>\r\n\r\n\t\t\t<div class=\"testimonial-detail-inner\">\r\n\t\t\t<h5 class=\"testi-author\">Simone Maria<\/h5>\r\n\t\t\t\t\t\t<cite class=\"testi-job\">\r\n\t\t\tS\u00f3cia propriet\u00e1ria - Mais solu\u00e7\u00f5es Empresariais\t\t\t<\/cite>\r\n\t\t\t\t\t\t<\/div>\r\n\t\t<\/div>\r\n\t\r\n\t<\/div>\r\n\r\n\t\r\n\t<div class=\"carousel-slide testimonial-content\">\r\n\t\t<p>\"Atuamos em parceria com a Start a um bom tempo e apreciamos muito o trabalho da Start.\nReconhecemos o trabalho da empresa como \u00e1gil e eficiente, o que no ambiente coorporativo \u00e9 muito importante!\nParab\u00e9ns pelo trabalho.\"<\/p>\r\n\r\n\t\t<div class=\"testimonial-details clearfix\">\r\n\r\n\t\t\t<div class=\"testimonial-image\">\r\n\t\t\t\t<img decoding=\"async\" src=\"http:\/\/www.startprofissional.com.br\/portal\/wp-content\/uploads\/2021\/09\/pp-100x100.jpg\" alt=\"Marxwell Brandom\">\r\n\t\t\t<\/div>\r\n\r\n\t\t\t<div class=\"testimonial-detail-inner\">\r\n\t\t\t<h5 class=\"testi-author\">Marxwell Brandom<\/h5>\r\n\t\t\t\t\t\t<cite class=\"testi-job\">\r\n\t\t\tCoordenador Financeiro - P\u00e9rolas Make\t\t\t<\/cite>\r\n\t\t\t\t\t\t<\/div>\r\n\t\t<\/div>\r\n\t\r\n\t<\/div>\r\n\r\n\t\r\n\t<div class=\"carousel-slide testimonial-content\">\r\n\t\t<p>\"Estamos parabenizando a START pelos Profissionais competentes, muito atenciosos. Atendimento excelente com muita agilidade.\"<\/p>\r\n\r\n\t\t<div class=\"testimonial-details clearfix\">\r\n\r\n\t\t\t<div class=\"testimonial-image\">\r\n\t\t\t\t<img decoding=\"async\" src=\"http:\/\/www.startprofissional.com.br\/portal\/wp-content\/uploads\/2021\/12\/pp-100x100.jpg\" alt=\"Cleicy Reis\">\r\n\t\t\t<\/div>\r\n\r\n\t\t\t<div class=\"testimonial-detail-inner\">\r\n\t\t\t<h5 class=\"testi-author\">Cleicy Reis<\/h5>\r\n\t\t\t\t\t\t<cite class=\"testi-job\">\r\n\t\t\tAnalista de Administra\u00e7\u00e3o Pessoal - Academia Blue Fit\t\t\t<\/cite>\r\n\t\t\t\t\t\t<\/div>\r\n\t\t<\/div>\r\n\t\r\n\t<\/div>\r\n\r\n\t\r\n\t<\/div>\r\n\r\n\t\t\t<!-- Add Pagination -->\r\n\t\t<div class=\"testi-dot owl-dots carousel-pagination\"><\/div>\r\n\t\t<\/div>\r\n\r\n<script type=\"text\/javascript\">\r\n(function($) {\r\n\t'use strict';\r\n\t$(document).ready(function() {\r\n\t\t$('.testimonial-wrap .owl-carousel').owlCarousel({\r\n\t\t\t\t\t\t\tdots: true,\r\n\t\t\t\tnav:false,\r\n\t\t\t\tdotsContainer: '.testi-dot',\r\n\t\t\t\tdotsClass: 'owl-dots',\r\n\t\t\t\t\t\t\tmargin: 30,\r\n\t\t\t\t\t\t\tautoplay: true,\r\n\t\t\t\tautoplaySpeed: 3000,\r\n\t\t\t\tautoplayHoverPause: true,\r\n\t\t\t\t\t\t\t\t\t\tloop: true,\r\n\t\t\t\t\t\t\tresponsive:{\r\n\t\t\t\t0:{\r\n\t\t\t\t\titems:1\t\t\t\t},\r\n\t\t\t\t768:{\r\n\t\t\t\t\titems:1\t\t\t\t},\r\n\t\t\t\t1025:{\r\n\t\t\t\t\titems:2\t\t\t\t}\r\n\t\t\t},\r\n\t\t\t\t\t});\r\n\t});\r\n})( jQuery );\r\n<\/script>\r\n\t\t\t\t<\/div>\n\t\t\t\t<\/div>\n\t\t\t\t<div class=\"elementor-element elementor-element-ccbaedf the-title-center elementor-widget elementor-widget-nikah-head-title\" data-id=\"ccbaedf\" data-element_type=\"widget\" data-widget_type=\"nikah-head-title.default\">\n\t\t\t\t<div class=\"elementor-widget-container\">\n\t\t\t<div class=\"head-title head-title-2 text-center clearfix\">\r\n\t<h2 class=\"the-title\">\r\n\t\t\t\tO QUE DIZEM NOSSOS CLIENTES?\t<\/h2>\r\n<\/div>\r\n\t\t\t\t<\/div>\n\t\t\t\t<\/div>\n\t\t\t\t\t\t<\/div>\n\t\t\t\t\t<\/div>\n\t\t<\/div>\n\t\t\t\t\t\t\t\t<\/div>\n\t\t\t\t\t<\/div>\n\t\t<\/section>\n\t\t\t\t\t\t<\/div>\n\t\t\t\t\t\t<\/div>\n\t\t\t\t\t<\/div>\n\t\t","protected":false},"excerpt":{"rendered":"<p>START INSTITUTO DE DESENVOLVIMENTO HUMANO E PROFISSIONAL Bem-vindo (a) a START Instituto de Desenvolvimento Humano e Profissional. Com sede em Goi\u00e2nia, a empresa atua na \u00e1rea de desenvolvimento de pessoas atendendo organiza\u00e7\u00f5es p\u00fablicas\/privadas e profissionais, por meio da Gest\u00e3o de&#8230;<\/p>\n","protected":false},"author":1,"featured_media":0,"parent":0,"menu_order":0,"comment_status":"closed","ping_status":"closed","template":"template\/page-builder-template.php","meta":{"om_disable_all_campaigns":false,"_mi_skip_tracking":false,"footnotes":""},"class_list":["post-42","page","type-page","status-publish","hentry"],"aioseo_notices":[],"_links":{"self":[{"href":"http:\/\/www.startprofissional.com.br\/portal\/wp-json\/wp\/v2\/pages\/42","targetHints":{"allow":["GET"]}}],"collection":[{"href":"http:\/\/www.startprofissional.com.br\/portal\/wp-json\/wp\/v2\/pages"}],"about":[{"href":"http:\/\/www.startprofissional.com.br\/portal\/wp-json\/wp\/v2\/types\/page"}],"author":[{"embeddable":true,"href":"http:\/\/www.startprofissional.com.br\/portal\/wp-json\/wp\/v2\/users\/1"}],"replies":[{"embeddable":true,"href":"http:\/\/www.startprofissional.com.br\/portal\/wp-json\/wp\/v2\/comments?post=42"}],"version-history":[{"count":80,"href":"http:\/\/www.startprofissional.com.br\/portal\/wp-json\/wp\/v2\/pages\/42\/revisions"}],"predecessor-version":[{"id":1488,"href":"http:\/\/www.startprofissional.com.br\/portal\/wp-json\/wp\/v2\/pages\/42\/revisions\/1488"}],"wp:attachment":[{"href":"http:\/\/www.startprofissional.com.br\/portal\/wp-json\/wp\/v2\/media?parent=42"}],"curies":[{"name":"wp","href":"https:\/\/api.w.org\/{rel}","templated":true}]}}