{"id":1077,"date":"2021-12-14T15:25:06","date_gmt":"2021-12-14T18:25:06","guid":{"rendered":"http:\/\/www.startprofissional.com.br\/portal\/?page_id=1077"},"modified":"2022-11-25T22:59:01","modified_gmt":"2022-11-26T01:59:01","slug":"quero-contratar-estagiarios","status":"publish","type":"page","link":"http:\/\/www.startprofissional.com.br\/portal\/quero-contratar-estagiarios\/","title":{"rendered":"Quero contratar estagi\u00e1rios"},"content":{"rendered":"\t\t<div data-elementor-type=\"wp-post\" data-elementor-id=\"1077\" class=\"elementor elementor-1077\" data-elementor-settings=\"[]\">\n\t\t\t\t\t\t<div class=\"elementor-inner\">\n\t\t\t\t\t\t\t<div class=\"elementor-section-wrap\">\n\t\t\t\t\t\t\t<section class=\"elementor-section elementor-top-section elementor-element elementor-element-6116a66 elementor-section-boxed elementor-section-height-default elementor-section-height-default\" data-id=\"6116a66\" data-element_type=\"section\" data-settings=\"{&quot;background_background&quot;:&quot;classic&quot;}\">\n\t\t\t\t\t\t<div class=\"elementor-container elementor-column-gap-no\">\n\t\t\t\t\t\t\t<div class=\"elementor-row\">\n\t\t\t\t\t<div class=\"elementor-column elementor-col-100 elementor-top-column elementor-element elementor-element-aec2087\" data-id=\"aec2087\" data-element_type=\"column\">\n\t\t\t<div class=\"elementor-column-wrap\">\n\t\t\t\t\t\t\t<div class=\"elementor-widget-wrap\">\n\t\t\t\t\t\t\t\t<\/div>\n\t\t\t\t\t<\/div>\n\t\t<\/div>\n\t\t\t\t\t\t\t\t<\/div>\n\t\t\t\t\t<\/div>\n\t\t<\/section>\n\t\t\t\t<section class=\"elementor-section elementor-top-section elementor-element elementor-element-0e56c34 elementor-section-boxed elementor-section-height-default elementor-section-height-default\" data-id=\"0e56c34\" data-element_type=\"section\">\n\t\t\t\t\t\t<div class=\"elementor-container elementor-column-gap-default\">\n\t\t\t\t\t\t\t<div class=\"elementor-row\">\n\t\t\t\t\t<div class=\"elementor-column elementor-col-66 elementor-top-column elementor-element elementor-element-f166e30\" data-id=\"f166e30\" data-element_type=\"column\">\n\t\t\t<div class=\"elementor-column-wrap elementor-element-populated\">\n\t\t\t\t\t\t\t<div class=\"elementor-widget-wrap\">\n\t\t\t\t\t\t<div class=\"elementor-element elementor-element-d756acc elementor-drop-cap-yes elementor-drop-cap-view-default elementor-widget elementor-widget-text-editor\" data-id=\"d756acc\" data-element_type=\"widget\" data-settings=\"{&quot;drop_cap&quot;:&quot;yes&quot;}\" data-widget_type=\"text-editor.default\">\n\t\t\t\t<div class=\"elementor-widget-container\">\n\t\t\t\t\t\t\t\t<div class=\"elementor-text-editor elementor-clearfix\">\n\t\t\t\t<p><span class=\"elementor-drop-cap\"><span class=\"elementor-drop-cap-letter\">A <\/span><\/span>START Profissional oferece \u00e0s empresas parceiras todo acompanhamento e gerenciamento de um Programa de Est\u00e1gio de qualidade, conforme a legisla\u00e7\u00e3o vigente \u2013 Lei n\u00ba 11.788\/2008.<\/p><p>Por meio do portal www.startprofissional.com.br as organiza\u00e7\u00f5es podem estabelecer a parceria conosco para a contrata\u00e7\u00e3o e regulariza\u00e7\u00e3o de Estagi\u00e1rios, emitindo toda a documenta\u00e7\u00e3o necess\u00e1ria para formaliza\u00e7\u00e3o, al\u00e9m de contar com todos os modelos de formul\u00e1rios solicitados pela legisla\u00e7\u00e3o de est\u00e1gio para o bom andamento do Programa de Est\u00e1gio.<\/p><p>Para as empresas, o est\u00e1gio \u00e9 uma grande oportunidade de captar novos talentos diante da elevada car\u00eancia de m\u00e3o de obra qualificada no pa\u00eds.<\/p><h4><strong>Quais s\u00e3o os benef\u00edcios de contratar estagi\u00e1rios?<\/strong><\/h4><p>\u2013 N\u00e3o existe v\u00ednculo empregat\u00edcio entre empresa e estagi\u00e1rio, assim n\u00e3o gera \u00f4nus com contribui\u00e7\u00f5es sociais, rescis\u00e3o contratual, PIS, PASEP, FGTS, 13\u00ba sal\u00e1rio, INSS e F\u00e9rias.<\/p><p>\u2013 O estagi\u00e1rio \u00e9 um elo entre a escola e a empresa, levando novas ideias, m\u00e9todos e t\u00e9cnicas para dentro da organiza\u00e7\u00e3o.<\/p><p>\u2013 \u00c9 uma forma segura e eficaz de formar e reter profissionais de boa performance para o quadro efetivo da organiza\u00e7\u00e3o<\/p><p>\u2013 Regulariza\u00e7\u00e3o de estagi\u00e1rios de forma desburocratizada, atrav\u00e9s do nosso portal www.startprofissional.com.br, al\u00e9m da inclus\u00e3o na ap\u00f3lice de seguros contra acidentes pessoais.<\/p>\t\t\t\t\t<\/div>\n\t\t\t\t\t\t<\/div>\n\t\t\t\t<\/div>\n\t\t\t\t\t\t<\/div>\n\t\t\t\t\t<\/div>\n\t\t<\/div>\n\t\t\t\t<div class=\"elementor-column elementor-col-33 elementor-top-column elementor-element elementor-element-77c0a37\" data-id=\"77c0a37\" data-element_type=\"column\">\n\t\t\t<div class=\"elementor-column-wrap elementor-element-populated\">\n\t\t\t\t\t\t\t<div class=\"elementor-widget-wrap\">\n\t\t\t\t\t\t<div class=\"elementor-element elementor-element-005e2fb elementor-button-success elementor-align-center elementor-widget elementor-widget-button\" data-id=\"005e2fb\" data-element_type=\"widget\" data-widget_type=\"button.default\">\n\t\t\t\t<div class=\"elementor-widget-container\">\n\t\t\t\t\t<div class=\"elementor-button-wrapper\">\n\t\t\t<a href=\"https:\/\/docs.google.com\/forms\/d\/e\/1FAIpQLSeeHSaTAgSNj6fQM_EV6GQww0NWp1KsBtdkbGX6E_Z63Bb2lg\/viewform?usp=sharing\" class=\"elementor-button-link elementor-button elementor-size-md\" role=\"button\">\n\t\t\t\t\t\t<span class=\"elementor-button-content-wrapper\">\n\t\t\t\t\t\t<span class=\"elementor-button-icon elementor-align-icon-left\">\n\t\t\t\t<i aria-hidden=\"true\" class=\"far fa-hand-point-right\"><\/i>\t\t\t<\/span>\n\t\t\t\t\t\t<span class=\"elementor-button-text\">CADASTRE SUA EMPRESA AGORA<\/span>\n\t\t<\/span>\n\t\t\t\t\t<\/a>\n\t\t<\/div>\n\t\t\t\t<\/div>\n\t\t\t\t<\/div>\n\t\t\t\t<div class=\"elementor-element elementor-element-09d63fe elementor-widget elementor-widget-image\" data-id=\"09d63fe\" data-element_type=\"widget\" data-widget_type=\"image.default\">\n\t\t\t\t<div class=\"elementor-widget-container\">\n\t\t\t\t\t\t\t\t<div class=\"elementor-image\">\n\t\t\t\t\t\t\t\t\t\t\t\t<img loading=\"lazy\" decoding=\"async\" width=\"1024\" height=\"912\" src=\"http:\/\/www.startprofissional.com.br\/portal\/wp-content\/uploads\/2020\/08\/Start-Profissional-Aleatorias-2-01-1024x912.png\" class=\"attachment-large size-large\" alt=\"\" srcset=\"http:\/\/www.startprofissional.com.br\/portal\/wp-content\/uploads\/2020\/08\/Start-Profissional-Aleatorias-2-01-1024x912.png 1024w, http:\/\/www.startprofissional.com.br\/portal\/wp-content\/uploads\/2020\/08\/Start-Profissional-Aleatorias-2-01-300x267.png 300w, http:\/\/www.startprofissional.com.br\/portal\/wp-content\/uploads\/2020\/08\/Start-Profissional-Aleatorias-2-01-768x684.png 768w, http:\/\/www.startprofissional.com.br\/portal\/wp-content\/uploads\/2020\/08\/Start-Profissional-Aleatorias-2-01.png 1312w\" sizes=\"auto, (max-width: 1024px) 100vw, 1024px\" \/>\t\t\t\t\t\t\t\t\t\t\t\t\t\t<\/div>\n\t\t\t\t\t\t<\/div>\n\t\t\t\t<\/div>\n\t\t\t\t\t\t<\/div>\n\t\t\t\t\t<\/div>\n\t\t<\/div>\n\t\t\t\t\t\t\t\t<\/div>\n\t\t\t\t\t<\/div>\n\t\t<\/section>\n\t\t\t\t\t\t<\/div>\n\t\t\t\t\t\t<\/div>\n\t\t\t\t\t<\/div>\n\t\t","protected":false},"excerpt":{"rendered":"<p>A START Profissional oferece \u00e0s empresas parceiras todo acompanhamento e gerenciamento de um Programa de Est\u00e1gio de qualidade, conforme a legisla\u00e7\u00e3o vigente \u2013 Lei n\u00ba 11.788\/2008. Por meio do portal www.startprofissional.com.br as organiza\u00e7\u00f5es podem estabelecer a parceria conosco para a&#8230;<\/p>\n","protected":false},"author":1,"featured_media":0,"parent":0,"menu_order":0,"comment_status":"closed","ping_status":"closed","template":"template\/page-builder-template.php","meta":{"om_disable_all_campaigns":false,"_mi_skip_tracking":false,"footnotes":""},"class_list":["post-1077","page","type-page","status-publish","hentry"],"aioseo_notices":[],"_links":{"self":[{"href":"http:\/\/www.startprofissional.com.br\/portal\/wp-json\/wp\/v2\/pages\/1077","targetHints":{"allow":["GET"]}}],"collection":[{"href":"http:\/\/www.startprofissional.com.br\/portal\/wp-json\/wp\/v2\/pages"}],"about":[{"href":"http:\/\/www.startprofissional.com.br\/portal\/wp-json\/wp\/v2\/types\/page"}],"author":[{"embeddable":true,"href":"http:\/\/www.startprofissional.com.br\/portal\/wp-json\/wp\/v2\/users\/1"}],"replies":[{"embeddable":true,"href":"http:\/\/www.startprofissional.com.br\/portal\/wp-json\/wp\/v2\/comments?post=1077"}],"version-history":[{"count":76,"href":"http:\/\/www.startprofissional.com.br\/portal\/wp-json\/wp\/v2\/pages\/1077\/revisions"}],"predecessor-version":[{"id":1529,"href":"http:\/\/www.startprofissional.com.br\/portal\/wp-json\/wp\/v2\/pages\/1077\/revisions\/1529"}],"wp:attachment":[{"href":"http:\/\/www.startprofissional.com.br\/portal\/wp-json\/wp\/v2\/media?parent=1077"}],"curies":[{"name":"wp","href":"https:\/\/api.w.org\/{rel}","templated":true}]}}